{"id":583,"date":"2022-08-23T10:09:02","date_gmt":"2022-08-23T14:09:02","guid":{"rendered":"https:\/\/ivariparticipation.ca\/?page_id=583"},"modified":"2025-09-29T15:56:24","modified_gmt":"2025-09-29T19:56:24","slug":"inscription","status":"publish","type":"page","link":"https:\/\/ivariparticipation.ca\/fr\/inscription\/","title":{"rendered":"Inscription"},"content":{"rendered":"\t\t<div data-elementor-type=\"wp-page\" data-elementor-id=\"583\" class=\"elementor elementor-583 elementor-225\" data-elementor-post-type=\"page\">\n\t\t\t\t\t\t<section class=\"elementor-section elementor-top-section elementor-element elementor-element-8c1a4b2 elementor-section-boxed elementor-section-height-default elementor-section-height-default\" data-id=\"8c1a4b2\" data-element_type=\"section\" data-e-type=\"section\">\n\t\t\t\t\t\t<div class=\"elementor-container elementor-column-gap-default\">\n\t\t\t\t\t<div class=\"elementor-column elementor-col-33 elementor-top-column elementor-element elementor-element-790949f\" data-id=\"790949f\" data-element_type=\"column\" data-e-type=\"column\">\n\t\t\t<div class=\"elementor-widget-wrap elementor-element-populated\">\n\t\t\t\t\t\t<div class=\"elementor-element elementor-element-2424e0c elementor-widget elementor-widget-image\" data-id=\"2424e0c\" data-element_type=\"widget\" data-e-type=\"widget\" data-widget_type=\"image.default\">\n\t\t\t\t<div class=\"elementor-widget-container\">\n\t\t\t\t\t\t\t\t\t\t\t\t\t\t\t<img decoding=\"async\" src=\"https:\/\/ivariparticipation.ca\/wp-content\/uploads\/2022\/07\/create-account.svg\" title=\"create account\" alt=\"create account\" loading=\"lazy\" \/>\t\t\t\t\t\t\t\t\t\t\t\t\t\t\t<\/div>\n\t\t\t\t<\/div>\n\t\t\t\t\t<\/div>\n\t\t<\/div>\n\t\t\t\t<div class=\"elementor-column elementor-col-33 elementor-top-column elementor-element elementor-element-5cfd7ef\" data-id=\"5cfd7ef\" data-element_type=\"column\" data-e-type=\"column\">\n\t\t\t<div class=\"elementor-widget-wrap elementor-element-populated\">\n\t\t\t\t\t\t<div class=\"elementor-element elementor-element-1dc7152 elementor-widget elementor-widget-wpforms\" data-id=\"1dc7152\" data-element_type=\"widget\" data-e-type=\"widget\" data-widget_type=\"wpforms.default\">\n\t\t\t\t<div class=\"elementor-widget-container\">\n\t\t\t\t\t<div class=\"wpforms-container wpforms-container-full wpforms-container-save-resume\" id=\"wpforms-223\"><form id=\"wpforms-form-223\" class=\"wpforms-validate wpforms-form\" data-formid=\"223\" method=\"post\" enctype=\"multipart\/form-data\" action=\"\/fr\/wp-json\/wp\/v2\/pages\/583\" data-token=\"0a4e25d24d66fe8319192b32506bc020\" data-token-time=\"1775998769\"><div class=\"wpforms-head-container\"><div class=\"wpforms-title\">Inscription \u2012 Personnel ivari <\/div><div class=\"wpforms-description\">Une inscription est obligatoire si vous souhaitez organiser des \u00e9v\u00e9nements et acc\u00e9der aux donn\u00e9es li\u00e9es aux \u00e9v\u00e9nements.<\/div><\/div><noscript class=\"wpforms-error-noscript\">Please enable JavaScript in your browser to complete this form.<\/noscript><div class=\"wpforms-field-container\"><div id=\"wpforms-223-field_1-container\" class=\"wpforms-field wpforms-field-name\" data-field-type=\"name\" data-field-id=\"1\"><label class=\"wpforms-field-label\">Nom <span class=\"wpforms-required-label\">*<\/span><\/label><div class=\"wpforms-field-row wpforms-field-medium\"><div class=\"wpforms-field-row-block wpforms-first wpforms-one-half\"><input type=\"text\" id=\"wpforms-223-field_1\" class=\"wpforms-field-name-first wpforms-field-required\" name=\"wpforms[fields][1][first]\" required><label for=\"wpforms-223-field_1\" class=\"wpforms-field-sublabel after\">Pr\u00e9nom<\/label><\/div><div class=\"wpforms-field-row-block wpforms-one-half\"><input type=\"text\" id=\"wpforms-223-field_1-last\" class=\"wpforms-field-name-last wpforms-field-required\" name=\"wpforms[fields][1][last]\" required><label for=\"wpforms-223-field_1-last\" class=\"wpforms-field-sublabel after\">Nom de famille<\/label><\/div><\/div><\/div><div id=\"wpforms-223-field_2-container\" class=\"wpforms-field wpforms-field-text\" data-field-type=\"text\" data-field-id=\"2\"><label class=\"wpforms-field-label\" for=\"wpforms-223-field_2\">Nom d&#039;utilisateur <span class=\"wpforms-required-label\">*<\/span><\/label><input type=\"text\" id=\"wpforms-223-field_2\" class=\"wpforms-field-medium wpforms-field-required\" name=\"wpforms[fields][2]\" required><\/div><div id=\"wpforms-223-field_3-container\" class=\"wpforms-field wpforms-field-email\" data-field-type=\"email\" data-field-id=\"3\"><label class=\"wpforms-field-label\">Courriel <span class=\"wpforms-required-label\">*<\/span><\/label><div class=\"wpforms-field-row wpforms-field-medium\"><div class=\"wpforms-field-row-block wpforms-one-half wpforms-first\"><input type=\"email\" id=\"wpforms-223-field_3\" class=\"wpforms-field-required wpforms-field-email-primary\" data-rule-restricted-email=\"1\" name=\"wpforms[fields][3][primary]\" spellcheck=\"false\" required><label for=\"wpforms-223-field_3\" class=\"wpforms-field-sublabel after\">Courriel<\/label><\/div><div class=\"wpforms-field-row-block wpforms-one-half\"><input type=\"email\" id=\"wpforms-223-field_3-secondary\" class=\"wpforms-field-email-secondary wpforms-field-required\" data-rule-confirm=\"#wpforms-223-field_3\" name=\"wpforms[fields][3][secondary]\" spellcheck=\"false\" required><label for=\"wpforms-223-field_3-secondary\" class=\"wpforms-field-sublabel after\">Confirmation du courriel<\/label><\/div><\/div><\/div><div id=\"wpforms-223-field_4-container\" class=\"wpforms-field wpforms-field-password\" data-field-type=\"password\" data-field-id=\"4\"><label class=\"wpforms-field-label\">Cr\u00e9ation d&#039;un mot de passe <span class=\"wpforms-required-label\">*<\/span><\/label><div class=\"wpforms-field-row wpforms-field-medium\"><div class=\"wpforms-field-row-block wpforms-one-half wpforms-first\"><input type=\"password\" id=\"wpforms-223-field_4\" class=\"wpforms-field-required wpforms-field-password-primary\" data-rule-password-strength=\"1\" data-password-strength-level=\"4\" name=\"wpforms[fields][4][primary]\" spellcheck=\"false\" required><label for=\"wpforms-223-field_4\" class=\"wpforms-field-sublabel after\">Mot de passe<\/label><\/div><div class=\"wpforms-field-row-block wpforms-one-half\"><input type=\"password\" id=\"wpforms-223-field_4-secondary\" class=\"wpforms-field-password-secondary wpforms-field-required\" data-rule-confirm=\"#wpforms-223-field_4\" name=\"wpforms[fields][4][secondary]\" spellcheck=\"false\" required><label for=\"wpforms-223-field_4-secondary\" class=\"wpforms-field-sublabel after\">Confirmation du mot de passe<\/label><\/div><\/div><\/div><\/div><!-- .wpforms-field-container --><div class=\"wpforms-submit-container\" ><input type=\"hidden\" name=\"wpforms[id]\" value=\"223\"><input type=\"hidden\" name=\"page_title\" value=\"\"><input type=\"hidden\" name=\"page_url\" value=\"https:\/\/ivariparticipation.ca\/fr\/wp-json\/wp\/v2\/pages\/583\"><input type=\"hidden\" name=\"url_referer\" value=\"\"><button type=\"submit\" name=\"wpforms[submit]\" id=\"wpforms-submit-223\" class=\"wpforms-submit\" data-alt-text=\"Envoyer\" data-submit-text=\"Soumettre\" aria-live=\"assertive\" value=\"wpforms-submit\">Soumettre<\/button><\/div><\/form><\/div>  <!-- .wpforms-container --><input class=\"wpforms-save-resume-entry-id\" style=\"display:none\"><div class=\"wpforms-alert wpforms-sms-alert\" style=\"display:none\"><i class=\"alert_icon fa fa-spinner fa-spin\"><\/i> <span class=\"html\"><\/span><\/div><div class=\"wpforms-alert wpforms-email-alert\" style=\"display:none\"><i class=\"alert_icon fa fa-spinner fa-spin\"><\/i> <span class=\"html\"><\/span><\/div>\t\t\t\t<\/div>\n\t\t\t\t<\/div>\n\t\t\t\t\t<\/div>\n\t\t<\/div>\n\t\t\t\t<div class=\"elementor-column elementor-col-33 elementor-top-column elementor-element elementor-element-47ddb6a\" data-id=\"47ddb6a\" data-element_type=\"column\" data-e-type=\"column\">\n\t\t\t<div class=\"elementor-widget-wrap\">\n\t\t\t\t\t\t\t<\/div>\n\t\t<\/div>\n\t\t\t\t\t<\/div>\n\t\t<\/section>\n\t\t\t\t<\/div>\n\t\t","protected":false},"excerpt":{"rendered":"<p>Inscription \u2012 Personnel ivari Une inscription est obligatoire si vous souhaitez organiser des \u00e9v\u00e9nements et acc\u00e9der aux donn\u00e9es li\u00e9es aux \u00e9v\u00e9nements.Please enable JavaScript in your browser to complete this form.Nom *FirstLastNom d&#039;utilisateur *Courriel *EmailConfirm EmailCr\u00e9ation d&#039;un mot de passe *PasswordConfirm Password Soumettre<\/p>\n","protected":false},"author":1,"featured_media":0,"parent":0,"menu_order":0,"comment_status":"closed","ping_status":"closed","template":"elementor_header_footer","meta":{"_acf_changed":false,"inline_featured_image":false,"_view_id":"","footnotes":""},"class_list":["post-583","page","type-page","status-publish"],"acf":[],"publishpress_future_workflow_manual_trigger":{"enabledWorkflows":[]},"_links":{"self":[{"href":"https:\/\/ivariparticipation.ca\/fr\/wp-json\/wp\/v2\/pages\/583","targetHints":{"allow":["GET"]}}],"collection":[{"href":"https:\/\/ivariparticipation.ca\/fr\/wp-json\/wp\/v2\/pages"}],"about":[{"href":"https:\/\/ivariparticipation.ca\/fr\/wp-json\/wp\/v2\/types\/page"}],"author":[{"embeddable":true,"href":"https:\/\/ivariparticipation.ca\/fr\/wp-json\/wp\/v2\/users\/1"}],"replies":[{"embeddable":true,"href":"https:\/\/ivariparticipation.ca\/fr\/wp-json\/wp\/v2\/comments?post=583"}],"version-history":[{"count":0,"href":"https:\/\/ivariparticipation.ca\/fr\/wp-json\/wp\/v2\/pages\/583\/revisions"}],"wp:attachment":[{"href":"https:\/\/ivariparticipation.ca\/fr\/wp-json\/wp\/v2\/media?parent=583"}],"curies":[{"name":"wp","href":"https:\/\/api.w.org\/{rel}","templated":true}]}}