{"id":570,"date":"2022-06-02T13:40:10","date_gmt":"2022-06-02T17:40:10","guid":{"rendered":"https:\/\/ivariparticipation.ca\/sign-in\/"},"modified":"2025-09-29T15:41:41","modified_gmt":"2025-09-29T19:41:41","slug":"ouverture-de-session","status":"publish","type":"page","link":"https:\/\/ivariparticipation.ca\/fr\/ouverture-de-session\/","title":{"rendered":"Ouverture de session"},"content":{"rendered":"\t\t<div data-elementor-type=\"wp-page\" data-elementor-id=\"570\" class=\"elementor elementor-570 elementor-228\" data-elementor-post-type=\"page\">\n\t\t\t\t\t\t<section class=\"elementor-section elementor-top-section elementor-element elementor-element-a20da80 elementor-section-boxed elementor-section-height-default elementor-section-height-default\" data-id=\"a20da80\" data-element_type=\"section\" data-e-type=\"section\">\n\t\t\t\t\t\t<div class=\"elementor-container elementor-column-gap-default\">\n\t\t\t\t\t<div class=\"elementor-column elementor-col-100 elementor-top-column elementor-element elementor-element-7435835\" data-id=\"7435835\" data-element_type=\"column\" data-e-type=\"column\">\n\t\t\t<div class=\"elementor-widget-wrap elementor-element-populated\">\n\t\t\t\t\t\t<section class=\"elementor-section elementor-inner-section elementor-element elementor-element-25d0f43 elementor-section-boxed elementor-section-height-default elementor-section-height-default\" data-id=\"25d0f43\" data-element_type=\"section\" data-e-type=\"section\">\n\t\t\t\t\t\t<div class=\"elementor-container elementor-column-gap-default\">\n\t\t\t\t\t<div class=\"elementor-column elementor-col-25 elementor-inner-column elementor-element elementor-element-dfc78fa\" data-id=\"dfc78fa\" data-element_type=\"column\" data-e-type=\"column\">\n\t\t\t<div class=\"elementor-widget-wrap elementor-element-populated\">\n\t\t\t\t\t\t<div class=\"elementor-element elementor-element-55309e6 elementor-widget elementor-widget-spacer\" data-id=\"55309e6\" data-element_type=\"widget\" data-e-type=\"widget\" data-widget_type=\"spacer.default\">\n\t\t\t\t<div class=\"elementor-widget-container\">\n\t\t\t\t\t\t\t<div class=\"elementor-spacer\">\n\t\t\t<div class=\"elementor-spacer-inner\"><\/div>\n\t\t<\/div>\n\t\t\t\t\t\t<\/div>\n\t\t\t\t<\/div>\n\t\t\t\t\t<\/div>\n\t\t<\/div>\n\t\t\t\t<div class=\"elementor-column elementor-col-25 elementor-inner-column elementor-element elementor-element-1477abd\" data-id=\"1477abd\" data-element_type=\"column\" data-e-type=\"column\">\n\t\t\t<div class=\"elementor-widget-wrap elementor-element-populated\">\n\t\t\t\t\t\t<div class=\"elementor-element elementor-element-0ac9a07 elementor-hidden-mobile elementor-widget__width-initial elementor-widget elementor-widget-image\" data-id=\"0ac9a07\" data-element_type=\"widget\" data-e-type=\"widget\" data-widget_type=\"image.default\">\n\t\t\t\t<div class=\"elementor-widget-container\">\n\t\t\t\t\t\t\t\t\t\t\t\t\t\t\t<img decoding=\"async\" src=\"https:\/\/ivariparticipation.ca\/wp-content\/uploads\/2022\/07\/login_icon.svg\" title=\"login_icon\" alt=\"login_icon\" loading=\"lazy\" \/>\t\t\t\t\t\t\t\t\t\t\t\t\t\t\t<\/div>\n\t\t\t\t<\/div>\n\t\t\t\t\t<\/div>\n\t\t<\/div>\n\t\t\t\t<div class=\"elementor-column elementor-col-25 elementor-inner-column elementor-element elementor-element-72baccc\" data-id=\"72baccc\" data-element_type=\"column\" data-e-type=\"column\">\n\t\t\t<div class=\"elementor-widget-wrap elementor-element-populated\">\n\t\t\t\t\t\t<div class=\"elementor-element elementor-element-ffd4999 elementor-widget elementor-widget-wpforms\" data-id=\"ffd4999\" data-element_type=\"widget\" data-e-type=\"widget\" data-widget_type=\"wpforms.default\">\n\t\t\t\t<div class=\"elementor-widget-container\">\n\t\t\t\t\t<div class=\"wpforms-container wpforms-container-full wpforms-container-save-resume\" id=\"wpforms-222\"><form id=\"wpforms-form-222\" class=\"wpforms-validate wpforms-form\" data-formid=\"222\" method=\"post\" enctype=\"multipart\/form-data\" action=\"\/fr\/wp-json\/wp\/v2\/pages\/570\" data-token=\"fec8142a038e6dc69e3bd85d974618a3\" data-token-time=\"1775991921\"><div class=\"wpforms-head-container\"><div class=\"wpforms-title\">Veuillez vous connecter.<\/div><div class=\"wpforms-description\">Connexion et acc\u00e8s pour le personnel d'ivari \u00e0 d'autres outils.<\/div><\/div><noscript class=\"wpforms-error-noscript\">Please enable JavaScript in your browser to complete this form.<\/noscript><div class=\"wpforms-field-container\"><div id=\"wpforms-222-field_0-container\" class=\"wpforms-field wpforms-field-text\" data-field-type=\"text\" data-field-id=\"0\"><label class=\"wpforms-field-label\" for=\"wpforms-222-field_0\">Nom d&#039;utilisateur ou courriel <span class=\"wpforms-required-label\">*<\/span><\/label><input type=\"text\" id=\"wpforms-222-field_0\" class=\"wpforms-field-medium wpforms-field-required\" name=\"wpforms[fields][0]\" required><\/div><div id=\"wpforms-222-field_1-container\" class=\"wpforms-field wpforms-field-password\" data-field-type=\"password\" data-field-id=\"1\"><label class=\"wpforms-field-label\" for=\"wpforms-222-field_1\">Mot de passe <span class=\"wpforms-required-label\">*<\/span><\/label><input type=\"password\" id=\"wpforms-222-field_1\" class=\"wpforms-field-medium wpforms-field-required\" name=\"wpforms[fields][1]\" spellcheck=\"false\" required><\/div><div id=\"wpforms-222-field_2-container\" class=\"wpforms-field wpforms-field-checkbox\" data-field-type=\"checkbox\" data-field-id=\"2\"><label class=\"wpforms-field-label wpforms-label-hide\">M\u00e9moriser<\/label><ul id=\"wpforms-222-field_2\"><li class=\"choice-0 depth-1\"><input type=\"checkbox\" id=\"wpforms-222-field_2_0\" name=\"wpforms[fields][2][]\" value=\"M\u00e9moriser\"  ><label class=\"wpforms-field-label-inline\" for=\"wpforms-222-field_2_0\">M\u00e9moriser<\/label><\/li><\/ul><\/div><div id=\"wpforms-222-field_5-container\" class=\"wpforms-field wpforms-field-html\" data-field-type=\"html\" data-field-id=\"5\"><div id=\"wpforms-222-field_5\"><p>Non inscrit comme utilisateur?  Veuillez cliquer <a class=\"class\" href=\"https:\/\/ivariparticipation.ca\/user-registration\/\" id=\"id\">ici <\/a> pour cr\u00e9er votre compte.<\/p><\/div><\/div><\/div><!-- .wpforms-field-container --><div class=\"wpforms-submit-container\" ><input type=\"hidden\" name=\"wpforms[id]\" value=\"222\"><input type=\"hidden\" name=\"page_title\" value=\"\"><input type=\"hidden\" name=\"page_url\" value=\"https:\/\/ivariparticipation.ca\/fr\/wp-json\/wp\/v2\/pages\/570\"><input type=\"hidden\" name=\"url_referer\" value=\"\"><button type=\"submit\" name=\"wpforms[submit]\" id=\"wpforms-submit-222\" class=\"wpforms-submit\" data-alt-text=\"Envoyer\" data-submit-text=\"Soumettre\" aria-live=\"assertive\" value=\"wpforms-submit\">Soumettre<\/button><\/div><\/form><\/div>  <!-- .wpforms-container --><input class=\"wpforms-save-resume-entry-id\" style=\"display:none\"><div class=\"wpforms-alert wpforms-sms-alert\" style=\"display:none\"><i class=\"alert_icon fa fa-spinner fa-spin\"><\/i> <span class=\"html\"><\/span><\/div><div class=\"wpforms-alert wpforms-email-alert\" style=\"display:none\"><i class=\"alert_icon fa fa-spinner fa-spin\"><\/i> <span class=\"html\"><\/span><\/div>\t\t\t\t<\/div>\n\t\t\t\t<\/div>\n\t\t\t\t\t<\/div>\n\t\t<\/div>\n\t\t\t\t<div class=\"elementor-column elementor-col-25 elementor-inner-column elementor-element elementor-element-34f72dc\" data-id=\"34f72dc\" data-element_type=\"column\" data-e-type=\"column\">\n\t\t\t<div class=\"elementor-widget-wrap elementor-element-populated\">\n\t\t\t\t\t\t<div class=\"elementor-element elementor-element-1e1ed7e elementor-widget elementor-widget-spacer\" data-id=\"1e1ed7e\" data-element_type=\"widget\" data-e-type=\"widget\" data-widget_type=\"spacer.default\">\n\t\t\t\t<div class=\"elementor-widget-container\">\n\t\t\t\t\t\t\t<div class=\"elementor-spacer\">\n\t\t\t<div class=\"elementor-spacer-inner\"><\/div>\n\t\t<\/div>\n\t\t\t\t\t\t<\/div>\n\t\t\t\t<\/div>\n\t\t\t\t\t<\/div>\n\t\t<\/div>\n\t\t\t\t\t<\/div>\n\t\t<\/section>\n\t\t\t\t\t<\/div>\n\t\t<\/div>\n\t\t\t\t\t<\/div>\n\t\t<\/section>\n\t\t\t\t<section class=\"elementor-section elementor-top-section elementor-element elementor-element-cb7e8ca elementor-section-boxed elementor-section-height-default elementor-section-height-default\" data-id=\"cb7e8ca\" data-element_type=\"section\" data-e-type=\"section\">\n\t\t\t\t\t\t<div class=\"elementor-container elementor-column-gap-default\">\n\t\t\t\t\t<div class=\"elementor-column elementor-col-100 elementor-top-column elementor-element elementor-element-4a90a11\" data-id=\"4a90a11\" data-element_type=\"column\" data-e-type=\"column\">\n\t\t\t<div class=\"elementor-widget-wrap elementor-element-populated\">\n\t\t\t\t\t\t<section class=\"elementor-section elementor-inner-section elementor-element elementor-element-9b05a41 elementor-section-boxed elementor-section-height-default elementor-section-height-default\" data-id=\"9b05a41\" data-element_type=\"section\" data-e-type=\"section\">\n\t\t\t\t\t\t<div class=\"elementor-container elementor-column-gap-default\">\n\t\t\t\t\t<div class=\"elementor-column elementor-col-50 elementor-inner-column elementor-element elementor-element-71f441d\" data-id=\"71f441d\" data-element_type=\"column\" data-e-type=\"column\">\n\t\t\t<div class=\"elementor-widget-wrap\">\n\t\t\t\t\t\t\t<\/div>\n\t\t<\/div>\n\t\t\t\t<div class=\"elementor-column elementor-col-50 elementor-inner-column elementor-element elementor-element-febe322\" data-id=\"febe322\" data-element_type=\"column\" data-e-type=\"column\">\n\t\t\t<div class=\"elementor-widget-wrap elementor-element-populated\">\n\t\t\t\t\t\t<div class=\"elementor-element elementor-element-4313a77 elementor-widget elementor-widget-text-editor\" data-id=\"4313a77\" data-element_type=\"widget\" data-e-type=\"widget\" data-widget_type=\"text-editor.default\">\n\t\t\t\t<div class=\"elementor-widget-container\">\n\t\t\t\t\t\t\t\t\t<p><a href=\"https:\/\/ivariparticipation.ca\/fr\/password-reset\/\">R\u00e9initialisez votre mot de passe<\/a><\/p>\t\t\t\t\t\t\t\t<\/div>\n\t\t\t\t<\/div>\n\t\t\t\t\t<\/div>\n\t\t<\/div>\n\t\t\t\t\t<\/div>\n\t\t<\/section>\n\t\t\t\t\t<\/div>\n\t\t<\/div>\n\t\t\t\t\t<\/div>\n\t\t<\/section>\n\t\t\t\t<\/div>\n\t\t","protected":false},"excerpt":{"rendered":"<p>Veuillez vous connecter.Connexion et acc\u00e8s pour le personnel d&#8217;ivari \u00e0 d&#8217;autres outils.Please enable JavaScript in your browser to complete this form.Nom d&#039;utilisateur ou courriel *Mot de passe *M\u00e9moriser M\u00e9moriser Non inscrit comme utilisateur? Veuillez cliquer ici pour cr\u00e9er votre compte. Soumettre R\u00e9initialisez votre mot de passe<\/p>\n","protected":false},"author":1,"featured_media":0,"parent":0,"menu_order":0,"comment_status":"closed","ping_status":"closed","template":"elementor_header_footer","meta":{"_acf_changed":false,"inline_featured_image":false,"_view_id":"","footnotes":""},"class_list":["post-570","page","type-page","status-publish"],"acf":[],"publishpress_future_workflow_manual_trigger":{"enabledWorkflows":[]},"_links":{"self":[{"href":"https:\/\/ivariparticipation.ca\/fr\/wp-json\/wp\/v2\/pages\/570","targetHints":{"allow":["GET"]}}],"collection":[{"href":"https:\/\/ivariparticipation.ca\/fr\/wp-json\/wp\/v2\/pages"}],"about":[{"href":"https:\/\/ivariparticipation.ca\/fr\/wp-json\/wp\/v2\/types\/page"}],"author":[{"embeddable":true,"href":"https:\/\/ivariparticipation.ca\/fr\/wp-json\/wp\/v2\/users\/1"}],"replies":[{"embeddable":true,"href":"https:\/\/ivariparticipation.ca\/fr\/wp-json\/wp\/v2\/comments?post=570"}],"version-history":[{"count":0,"href":"https:\/\/ivariparticipation.ca\/fr\/wp-json\/wp\/v2\/pages\/570\/revisions"}],"wp:attachment":[{"href":"https:\/\/ivariparticipation.ca\/fr\/wp-json\/wp\/v2\/media?parent=570"}],"curies":[{"name":"wp","href":"https:\/\/api.w.org\/{rel}","templated":true}]}}