{"id":550,"date":"2022-04-20T13:55:48","date_gmt":"2022-04-20T17:55:48","guid":{"rendered":"https:\/\/ivariparticipation.ca\/ivari-participation-form\/"},"modified":"2025-10-27T11:29:10","modified_gmt":"2025-10-27T15:29:10","slug":"formulaire-de-participation-ivari","status":"publish","type":"page","link":"https:\/\/ivariparticipation.ca\/fr\/formulaire-de-participation-ivari\/","title":{"rendered":"Formulaire de participation ivari"},"content":{"rendered":"\t\t<div data-elementor-type=\"wp-page\" data-elementor-id=\"550\" class=\"elementor elementor-550 elementor-93\" data-elementor-post-type=\"page\">\n\t\t\t\t\t\t<section class=\"elementor-section elementor-top-section elementor-element elementor-element-136533ee elementor-section-boxed elementor-section-height-default elementor-section-height-default\" data-id=\"136533ee\" data-element_type=\"section\" data-e-type=\"section\">\n\t\t\t\t\t\t<div class=\"elementor-container elementor-column-gap-default\">\n\t\t\t\t\t<div class=\"elementor-column elementor-col-100 elementor-top-column elementor-element elementor-element-6b9d249c\" data-id=\"6b9d249c\" data-element_type=\"column\" data-e-type=\"column\">\n\t\t\t<div class=\"elementor-widget-wrap elementor-element-populated\">\n\t\t\t\t\t\t<div class=\"elementor-element elementor-element-ba24c95 elementor-widget elementor-widget-heading\" data-id=\"ba24c95\" data-element_type=\"widget\" data-e-type=\"widget\" data-widget_type=\"heading.default\">\n\t\t\t\t<div class=\"elementor-widget-container\">\n\t\t\t\t\t<h1 class=\"elementor-heading-title elementor-size-default\">Formulaire de participation ivari<\/h1>\t\t\t\t<\/div>\n\t\t\t\t<\/div>\n\t\t\t\t<div class=\"elementor-element elementor-element-6855cd2a elementor-widget elementor-widget-text-editor\" data-id=\"6855cd2a\" data-element_type=\"widget\" data-e-type=\"widget\" data-widget_type=\"text-editor.default\">\n\t\t\t\t<div class=\"elementor-widget-container\">\n\t\t\t\t\t\t\t\t\t<p>Pour recevoir des unit\u00e9s de formation continue (UFC) associ\u00e9es \u00e0 cette s\u00e9ance, vous devez, au d\u00e9but de la pr\u00e9sentation, confirmer votre participation et, au terme de cette s\u00e9ance, confirmer votre pr\u00e9sence du d\u00e9but \u00e0 la fin<\/p>\n\t\t\t\t\t\t\t\t<\/div>\n\t\t\t\t<\/div>\n\t\t\t\t\t<\/div>\n\t\t<\/div>\n\t\t\t\t\t<\/div>\n\t\t<\/section>\n\t\t\t\t<section class=\"elementor-section elementor-top-section elementor-element elementor-element-63394b5 elementor-section-boxed elementor-section-height-default elementor-section-height-default\" data-id=\"63394b5\" data-element_type=\"section\" data-e-type=\"section\">\n\t\t\t\t\t\t<div class=\"elementor-container elementor-column-gap-default\">\n\t\t\t\t\t<div class=\"elementor-column elementor-col-100 elementor-top-column elementor-element elementor-element-034f139\" data-id=\"034f139\" data-element_type=\"column\" data-e-type=\"column\">\n\t\t\t<div class=\"elementor-widget-wrap elementor-element-populated\">\n\t\t\t\t\t\t<div class=\"elementor-element elementor-element-98b883a elementor-widget elementor-widget-wpforms\" data-id=\"98b883a\" data-element_type=\"widget\" data-e-type=\"widget\" data-widget_type=\"wpforms.default\">\n\t\t\t\t<div class=\"elementor-widget-container\">\n\t\t\t\t\t<div class=\"wpforms-container wpforms-container-full wpforms-container-save-resume\" id=\"wpforms-81\"><form id=\"wpforms-form-81\" class=\"wpforms-validate wpforms-form wpforms-ajax-form\" data-formid=\"81\" method=\"post\" enctype=\"multipart\/form-data\" action=\"\/fr\/wp-json\/wp\/v2\/pages\/550\" data-token=\"830246ac851db9047c70205dc38ca340\" data-token-time=\"1776943226\"><noscript class=\"wpforms-error-noscript\">Please enable JavaScript in your browser to complete this form.<\/noscript><div class=\"wpforms-field-container\"><div id=\"wpforms-81-field_44-container\" class=\"wpforms-field wpforms-field-radio chekin_toggle wpforms-conditional-trigger\" data-field-type=\"radio\" data-field-id=\"44\"><label class=\"wpforms-field-label\">Je souhaite : <span class=\"wpforms-required-label\">*<\/span><\/label><ul id=\"wpforms-81-field_44\" class=\"wpforms-field-required\"><li class=\"choice-1 depth-1 wpforms-selected\"><input type=\"radio\" id=\"wpforms-81-field_44_1\" name=\"wpforms[fields][44]\" value=\"Confirmer ma pr\u00e9sence aujourd&#039;hui (au D\u00c9BUT de la pr\u00e9sentation)\" required  checked='checked'><label class=\"wpforms-field-label-inline\" for=\"wpforms-81-field_44_1\">Confirmer ma pr\u00e9sence aujourd'hui (au D\u00c9BUT de la pr\u00e9sentation)<\/label><\/li><li class=\"choice-2 depth-1\"><input type=\"radio\" id=\"wpforms-81-field_44_2\" name=\"wpforms[fields][44]\" value=\"Confirmer ma pr\u00e9sence du d\u00e9but \u00e0 la fin (au TERME de la pr\u00e9sentation)\" required ><label class=\"wpforms-field-label-inline\" for=\"wpforms-81-field_44_2\">Confirmer ma pr\u00e9sence du d\u00e9but \u00e0 la fin (au TERME de la pr\u00e9sentation)<\/label><\/li><\/ul><\/div><div id=\"wpforms-81-field_66-container\" class=\"wpforms-field wpforms-field-html wpforms-conditional-field wpforms-conditional-show\" data-field-type=\"html\" data-field-id=\"66\" style=\"display:none;\"><div id=\"wpforms-81-field_66\">\n<strong>IMPORTANT :<\/strong> Pour confirmer votre pr\u00e9sence du d\u00e9but \u00e0 la fin, vous devez utiliser le lien qui vous a \u00e9t\u00e9 fourni (par texto et par courriel) au moment de l\u2019inscription. Cliquez sur ce lien unique apr\u00e8s l\u2019avoir rep\u00e9r\u00e9 dans votre texto (ou courriel).\n<\/div><\/div><div id=\"wpforms-81-field_18-container\" class=\"wpforms-field wpforms-field-name\" data-field-type=\"name\" data-field-id=\"18\"><label class=\"wpforms-field-label\">Nom <span class=\"wpforms-required-label\">*<\/span><\/label><div class=\"wpforms-field-row wpforms-field-large\"><div class=\"wpforms-field-row-block wpforms-first wpforms-one-half\"><input type=\"text\" id=\"wpforms-81-field_18\" class=\"wpforms-field-name-first wpforms-field-required\" name=\"wpforms[fields][18][first]\" required><label for=\"wpforms-81-field_18\" class=\"wpforms-field-sublabel after\">Pr\u00e9nom<\/label><\/div><div class=\"wpforms-field-row-block wpforms-one-half\"><input type=\"text\" id=\"wpforms-81-field_18-last\" class=\"wpforms-field-name-last wpforms-field-required\" name=\"wpforms[fields][18][last]\" required><label for=\"wpforms-81-field_18-last\" class=\"wpforms-field-sublabel after\">Nom de famille<\/label><\/div><\/div><\/div><div id=\"wpforms-81-field_2-container\" class=\"wpforms-field wpforms-field-email\" data-field-type=\"email\" data-field-id=\"2\"><label class=\"wpforms-field-label\">Courriel <span class=\"wpforms-required-label\">*<\/span><\/label><div class=\"wpforms-field-row wpforms-field-large\"><div class=\"wpforms-field-row-block wpforms-one-half wpforms-first\"><input type=\"email\" id=\"wpforms-81-field_2\" class=\"wpforms-field-required wpforms-field-email-primary\" name=\"wpforms[fields][2][primary]\" spellcheck=\"false\" required><label for=\"wpforms-81-field_2\" class=\"wpforms-field-sublabel after\">Courriel<\/label><\/div><div class=\"wpforms-field-row-block wpforms-one-half\"><input type=\"email\" id=\"wpforms-81-field_2-secondary\" class=\"wpforms-field-email-secondary wpforms-field-required\" data-rule-confirm=\"#wpforms-81-field_2\" name=\"wpforms[fields][2][secondary]\" spellcheck=\"false\" required><label for=\"wpforms-81-field_2-secondary\" class=\"wpforms-field-sublabel after\">Confirmation du courriel<\/label><\/div><\/div><\/div><div id=\"wpforms-81-field_41-container\" class=\"wpforms-field wpforms-field-phone\" data-field-type=\"phone\" data-field-id=\"41\"><label class=\"wpforms-field-label\" for=\"wpforms-81-field_41\">Num\u00e9ro de mobile <span class=\"wpforms-required-label\">*<\/span><\/label><input type=\"tel\" id=\"wpforms-81-field_41\" class=\"wpforms-field-small wpforms-field-required wpforms-masked-input\" data-inputmask=\"&#039;mask&#039;: &#039;(999) 999-9999&#039;\" data-rule-us-phone-field=\"true\" data-inputmask-inputmode=\"tel\" name=\"wpforms[fields][41]\" placeholder=\"ex (555) 123-4567\" aria-label=\"Num\u00e9ro de mobile\" required><div class=\"wpforms-field-description\">Nous vous enverrons un texto contenant un lien sur lequel vous devez cliquer pour confirmer votre pr\u00e9sence du d\u00e9but \u00e0 la fin.<\/div><\/div><div id=\"wpforms-81-field_3-container\" class=\"wpforms-field wpforms-field-text\" data-field-type=\"text\" data-field-id=\"3\"><label class=\"wpforms-field-label\" for=\"wpforms-81-field_3\">Code de conseiller ivari <span class=\"wpforms-required-label\">*<\/span><\/label><input type=\"text\" id=\"wpforms-81-field_3\" class=\"wpforms-field-small wpforms-field-required\" name=\"wpforms[fields][3]\" required><\/div><div id=\"wpforms-81-field_9-container\" class=\"wpforms-field wpforms-field-checkbox wpforms-conditional-field wpforms-conditional-show\" data-field-type=\"checkbox\" data-field-id=\"9\" style=\"display:none;\"><label class=\"wpforms-field-label wpforms-label-hide\">Check-in confirmation <span class=\"wpforms-required-label\">*<\/span><\/label><ul id=\"wpforms-81-field_9\" class=\"wpforms-field-required\"><li class=\"choice-1 depth-1\"><input type=\"checkbox\" id=\"wpforms-81-field_9_1\" name=\"wpforms[fields][9][]\" value=\"Yes\" required ><label class=\"wpforms-field-label-inline\" for=\"wpforms-81-field_9_1\">Oui, je confirme que je participerai \u00e0 la s\u00e9ance du d\u00e9but \u00e0 la fin.<\/label><\/li><\/ul><\/div><div id=\"wpforms-81-field_32-container\" class=\"wpforms-field wpforms-field-hidden wpforms-one-half wpforms-first checkin_date\" data-field-type=\"hidden\" data-field-id=\"32\"><input type=\"hidden\" id=\"wpforms-81-field_32\" name=\"wpforms[fields][32]\"><\/div><div id=\"wpforms-81-field_12-container\" class=\"wpforms-field wpforms-field-checkbox wpforms-conditional-field wpforms-conditional-show\" data-field-type=\"checkbox\" data-field-id=\"12\" style=\"display:none;\"><label class=\"wpforms-field-label wpforms-label-hide\">Check-out confirmation <span class=\"wpforms-required-label\">*<\/span><\/label><ul id=\"wpforms-81-field_12\" class=\"wpforms-field-required\"><li class=\"choice-1 depth-1\"><input type=\"checkbox\" id=\"wpforms-81-field_12_1\" name=\"wpforms[fields][12][]\" value=\"Yes\" required ><label class=\"wpforms-field-label-inline\" for=\"wpforms-81-field_12_1\">Oui, je confirme que j'ai particip\u00e9 \u00e0 la s\u00e9ance du d\u00e9but \u00e0 la fin.<\/label><\/li><\/ul><\/div><div id=\"wpforms-81-field_51-container\" class=\"wpforms-field wpforms-field-hidden checkout_date\" data-field-type=\"hidden\" data-field-id=\"51\"><input type=\"hidden\" id=\"wpforms-81-field_51\" name=\"wpforms[fields][51]\"><\/div><div id=\"wpforms-81-field_38-container\" class=\"wpforms-field wpforms-field-hidden checkin_duration\" data-field-type=\"hidden\" data-field-id=\"38\"><input type=\"hidden\" id=\"wpforms-81-field_38\" name=\"wpforms[fields][38]\"><\/div><div id=\"wpforms-81-field_35-container\" class=\"wpforms-field wpforms-field-text wpforms-conditional-field wpforms-conditional-show\" data-field-type=\"text\" data-field-id=\"35\" style=\"display:none;\"><label class=\"wpforms-field-label\" for=\"wpforms-81-field_35\">Mot de passe pour la s\u00e9ance  <span class=\"wpforms-required-label\">*<\/span><\/label><input type=\"text\" id=\"wpforms-81-field_35\" class=\"wpforms-field-small wpforms-field-required\" name=\"wpforms[fields][35]\" required><div class=\"wpforms-field-description\">Veuillez saisir le mot de passe qui vous a \u00e9t\u00e9 fourni \u00e0 la fin de la s\u00e9ance. <\/div><\/div><div id=\"wpforms-81-field_52-container\" class=\"wpforms-field wpforms-field-select wpforms-conditional-field wpforms-conditional-show wpforms-conditional-trigger wpforms-field-select-style-classic\" data-field-type=\"select\" data-field-id=\"52\" style=\"display:none;\"><label class=\"wpforms-field-label\" for=\"wpforms-81-field_52\">Une attestation de formation continue est-elle n\u00e9cessaire selon les exigences de la province de Qu\u00e9bec? <span class=\"wpforms-required-label\">*<\/span><\/label><select id=\"wpforms-81-field_52\" class=\"wpforms-field-medium wpforms-field-required\" name=\"wpforms[fields][52]\" required=\"required\"><option value=\"\" class=\"placeholder\" disabled  selected='selected'>S\u00e9lectionner<\/option><option value=\"Oui\"  class=\"choice-1 depth-1\"  >Oui<\/option><option value=\"Non\"  class=\"choice-2 depth-1\"  >Non<\/option><\/select><\/div><div id=\"wpforms-81-field_56-container\" class=\"wpforms-field wpforms-field-text wpforms-conditional-field wpforms-conditional-show\" data-field-type=\"text\" data-field-id=\"56\" style=\"display:none;\"><label class=\"wpforms-field-label\" for=\"wpforms-81-field_56\">N\u00b0 AMF<\/label><input type=\"text\" id=\"wpforms-81-field_56\" class=\"wpforms-field-medium\" name=\"wpforms[fields][56]\" placeholder=\"Pour le Qu\u00e9bec seulement\" ><\/div><div id=\"wpforms-81-field_57-container\" class=\"wpforms-field wpforms-field-select wpforms-conditional-field wpforms-conditional-show wpforms-conditional-trigger wpforms-field-select-style-classic\" data-field-type=\"select\" data-field-id=\"57\" style=\"display:none;\"><label class=\"wpforms-field-label\" for=\"wpforms-81-field_57\">Une attestation de formation continue est-elle n\u00e9cessaire selon les exigences de la province d&#039;Alberta? <span class=\"wpforms-required-label\">*<\/span><\/label><select id=\"wpforms-81-field_57\" class=\"wpforms-field-medium wpforms-field-required\" name=\"wpforms[fields][57]\" required=\"required\"><option value=\"\" class=\"placeholder\" disabled  selected='selected'>S\u00e9lectionner<\/option><option value=\"Oui\"  class=\"choice-1 depth-1\"  >Oui<\/option><option value=\"Non\"  class=\"choice-2 depth-1\"  >Non<\/option><\/select><\/div><div id=\"wpforms-81-field_58-container\" class=\"wpforms-field wpforms-field-text wpforms-conditional-field wpforms-conditional-show\" data-field-type=\"text\" data-field-id=\"58\" style=\"display:none;\"><label class=\"wpforms-field-label\" for=\"wpforms-81-field_58\">N\u00b0 RCPA<\/label><input type=\"text\" id=\"wpforms-81-field_58\" class=\"wpforms-field-medium\" name=\"wpforms[fields][58]\" placeholder=\"Pour l&#039;Alberta\n Seulement\" ><\/div><\/div><!-- .wpforms-field-container --><div class=\"wpforms-submit-container\" ><input type=\"hidden\" name=\"wpforms[id]\" value=\"81\"><input type=\"hidden\" name=\"page_title\" value=\"\"><input type=\"hidden\" name=\"page_url\" value=\"https:\/\/ivariparticipation.ca\/fr\/wp-json\/wp\/v2\/pages\/550\"><input type=\"hidden\" name=\"url_referer\" value=\"\"><button type=\"submit\" name=\"wpforms[submit]\" id=\"wpforms-submit-81\" class=\"wpforms-submit\" data-alt-text=\"Envoyer\" data-submit-text=\"Sortir\" aria-live=\"assertive\" value=\"wpforms-submit\">Sortir<\/button><img decoding=\"async\" src=\"https:\/\/ivariparticipation.ca\/wp-content\/plugins\/wpforms\/assets\/images\/submit-spin.svg\" class=\"wpforms-submit-spinner\" style=\"display: none;\" width=\"26\" height=\"26\" alt=\"Loading\"><a href=\"#\" class=\"wpforms-save-resume-button\"><span>M&#039;inscrire comme participant <\/span><\/a><\/div><\/form><\/div>  <!-- .wpforms-container --><input class=\"wpforms-save-resume-entry-id\" style=\"display:none\"><div class=\"wpforms-alert wpforms-sms-alert\" style=\"display:none\"><i class=\"alert_icon fa fa-spinner fa-spin\"><\/i> <span class=\"html\"><\/span><\/div><div class=\"wpforms-alert wpforms-email-alert\" style=\"display:none\"><i class=\"alert_icon fa fa-spinner fa-spin\"><\/i> <span class=\"html\"><\/span><\/div>\n<div class=\"wpforms-save-resume-confirmation\" id=\"wpforms-save-resume-confirmation-81\" style=\"display: none\">\n\n\t\n\t<div class=\"message\">\n\t\t<p><a href=\"#FRENCH\">Fran\u00e7ais<\/a><\/p>\n<p><span style=\"font-weight: bold;text-align: center\">Thank you for checking in.<br \/>\n<\/span>You will receive a text and email with your link to <strong><span style=\"text-decoration: underline\">check out at the END of the presentation<\/span><\/strong>.<\/p>\n<p><strong>Please do not share the link with anyone, it is just for you.<\/strong><\/p>\n<p>After the event, click on the link to return to this form to check out.<\/p>\n<p><strong>If you do not check out AFTER the event, your check-in will be considered incomplete and it will be deleted and you will not get credit for your attendance.<\/strong><\/p>\n<p>You can also copy and paste the link below into a browser window to check out.<\/p>\n<p>&nbsp;<\/p>\n<p><a id=\"FRENCH\"><\/a><span style=\"font-weight: bold;text-align: center\">Formulaire de participation ivari<\/span><\/p>\n<p>Pour obtenir vos unit\u00e9s de formation continue (UFC), vous devez, au d\u00e9but de cette pr\u00e9sentation, vous inscrire comme participant et, \u00e0 la fin, confirmer votre participation.<\/p>\n<p><strong>Nous vous remercions d'avoir rempli notre formulaire de participation.<\/strong><br \/>\nVous recevrez un texto contenant un lien qui vous permettra de confirmer votre participation.<\/p>\n<p><strong>Ce lien \u00e9tant personnel, veuillez ne pas le partager avec quiconque.<\/strong><\/p>\n<p>Apr\u00e8s l'\u00e9v\u00e9nement, veuillez cliquer sur le lien qui vous renvoie au formulaire dans lequel vous pouvez confirmer votre participation du d\u00e9but \u00e0 la fin.<\/p>\n<p><strong>Pass\u00e9 ce d\u00e9lai, votre inscription comme participant sera consid\u00e9r\u00e9e comme incompl\u00e8te. Toute inscription incompl\u00e8te \u00e9tant supprim\u00e9e, aucune UFC ne sera allou\u00e9e pour votre participation.<\/strong><\/p>\n<p>Il vous est \u00e9galement possible de copier-coller le lien ci-dessous dans une fen\u00eatre de votre navigateur pour confirmer votre participation du d\u00e9but \u00e0 la fin.<\/p>\n<p>&nbsp;<\/p>\n\t<\/div>\n\n\t<div class=\"wpforms-save-resume-actions\">\n\t\t\t\t\t<div class=\"wpforms-field\">\n\t\t\t\t<label class=\"wpforms-field-label wpforms-save-resume-label\">\n\t\t\t\t\tCopier le lien\t\t\t\t<\/label>\n\t\t\t\t<div class=\"wpforms-save-resume-shortcode-container\">\n\t\t\t\t\t<input type=\"text\" class=\"wpforms-save-resume-shortcode\" value=\"\" disabled \/>\n\t\t\t\t\t<span class=\"wpforms-save-resume-shortcode-copy\" title=\"Copy resume link to clipboard\">\n\t\t\t\t\t\t\t<span class=\"copy-icon\"><\/span>\n\t\t\t\t\t\t<\/span>\n\t\t\t\t<\/div>\n\t\t\t<\/div>\n\t\t\n\t\t\t\t\t<form class=\"wpforms-validate wpforms-form wpforms-save-resume-email-notification\" method=\"post\" action=\"\/fr\/wp-json\/wp\/v2\/pages\/550\" data-token=\"041c1ca29f22914ca44cde06e30a0b04\">\n\t\t\t\t<div class=\"wpforms-field wpforms-field-email\">\n\t\t\t\t\t<label class=\"wpforms-field-label wpforms-save-resume-label\">\n\t\t\t\t\t\tCourriel\t\t\t\t\t\t<span class=\"wpforms-required-label\">*<\/span>\n\t\t\t\t\t<\/label>\n\t\t\t\t\t<input type=\"email\" name=\"wpforms[save_resume_email]\" required>\n\t\t\t\t<\/div>\n\t\t\t\t<div class=\"wpforms-submit-container\">\n\t\t\t\t\t<input type=\"hidden\" id=\"_wpnonce\" name=\"_wpnonce\" value=\"f979b5d592\" \/><input type=\"hidden\" name=\"_wp_http_referer\" value=\"\/fr\/wp-json\/wp\/v2\/pages\/550\" \/>\t\t\t\t\t<input type=\"hidden\" name=\"wpforms[form_id]\" value=\"81\">\n\t\t\t\t\t<input type=\"hidden\" name=\"wpforms[entry_id]\" class=\"wpforms-save-resume-entry-id\" value=\"\">\n\t\t\t\t\t<button type=\"submit\" name=\"wpforms[save-resume]\" class=\"wpforms-submit\" value=\"wpforms-submit\" disabled>\n\t\t\t\t\t\tSend Link\t\t\t\t\t<\/button>\n\t\t\t\t<\/div>\n\t\t\t<\/form>\n\t\t\t<\/div>\n<\/div>\n\t\t\t\t<\/div>\n\t\t\t\t<\/div>\n\t\t\t\t\t<\/div>\n\t\t<\/div>\n\t\t\t\t\t<\/div>\n\t\t<\/section>\n\t\t\t\t<\/div>\n\t\t","protected":false},"excerpt":{"rendered":"<p>Formulaire de participation ivari Pour recevoir des unit\u00e9s de formation continue (UFC) associ\u00e9es \u00e0 cette s\u00e9ance, vous devez, au d\u00e9but de la pr\u00e9sentation, confirmer votre participation et, au terme de cette s\u00e9ance, confirmer votre pr\u00e9sence du d\u00e9but \u00e0 la fin Please enable JavaScript in your browser to complete this form.Je souhaite : * Confirmer ma &#8230; <a title=\"Formulaire de participation ivari\" class=\"read-more\" href=\"https:\/\/ivariparticipation.ca\/fr\/formulaire-de-participation-ivari\/\" aria-label=\"Read more about Formulaire de participation ivari\">Continuer la lecture<\/a><\/p>\n","protected":false},"author":1,"featured_media":0,"parent":0,"menu_order":0,"comment_status":"closed","ping_status":"closed","template":"elementor_header_footer","meta":{"_acf_changed":false,"inline_featured_image":false,"_view_id":"","footnotes":""},"class_list":["post-550","page","type-page","status-publish"],"acf":[],"publishpress_future_workflow_manual_trigger":{"enabledWorkflows":[]},"_links":{"self":[{"href":"https:\/\/ivariparticipation.ca\/fr\/wp-json\/wp\/v2\/pages\/550","targetHints":{"allow":["GET"]}}],"collection":[{"href":"https:\/\/ivariparticipation.ca\/fr\/wp-json\/wp\/v2\/pages"}],"about":[{"href":"https:\/\/ivariparticipation.ca\/fr\/wp-json\/wp\/v2\/types\/page"}],"author":[{"embeddable":true,"href":"https:\/\/ivariparticipation.ca\/fr\/wp-json\/wp\/v2\/users\/1"}],"replies":[{"embeddable":true,"href":"https:\/\/ivariparticipation.ca\/fr\/wp-json\/wp\/v2\/comments?post=550"}],"version-history":[{"count":0,"href":"https:\/\/ivariparticipation.ca\/fr\/wp-json\/wp\/v2\/pages\/550\/revisions"}],"wp:attachment":[{"href":"https:\/\/ivariparticipation.ca\/fr\/wp-json\/wp\/v2\/media?parent=550"}],"curies":[{"name":"wp","href":"https:\/\/api.w.org\/{rel}","templated":true}]}}